{"id":399,"date":"2016-11-18T12:45:46","date_gmt":"2016-11-18T11:45:46","guid":{"rendered":"http:\/\/www.tischler-kleber.at\/villach\/?page_id=399"},"modified":"2017-02-27T09:45:38","modified_gmt":"2017-02-27T08:45:38","slug":"kuechen","status":"publish","type":"page","link":"https:\/\/www.tischler-kleber.at\/villach\/kuechen\/","title":{"rendered":"K\u00fcchen"},"content":{"rendered":"\n<style type=\"text\/css\" data-created_by=\"avia_inline_auto\" id=\"style-css-av-av_section-8c2e571d0364b3c015ec58663a39630c\">\n.avia-section.av-av_section-8c2e571d0364b3c015ec58663a39630c{\nbackground-color:#f9f9f9;\nbackground-image:unset;\n}\n<\/style>\n<div id='av_section_1'  class='avia-section av-av_section-8c2e571d0364b3c015ec58663a39630c main_color avia-section-default avia-no-shadow  avia-builder-el-0  el_before_av_section  avia-builder-el-first  avia-bg-style-fixed container_wrap fullsize'  ><div class=\"av-section-color-overlay-wrap\"><a href='#next-section' title='' class='scroll-down-link ' aria-hidden='true' data-av_icon='\ue877' data-av_iconfont='entypo-fontello'><\/a><div class='container av-section-cont-open' ><main  role=\"main\" itemprop=\"mainContentOfPage\"  class='template-page content  av-content-full alpha units'><div class='post-entry post-entry-type-page post-entry-399'><div class='entry-content-wrapper clearfix'>\n\n<style type=\"text\/css\" data-created_by=\"avia_inline_auto\" id=\"style-css-av-av_one_fifth-6126cab7d8fab8d08143dd2dacdf673c\">\n.flex_column.av-av_one_fifth-6126cab7d8fab8d08143dd2dacdf673c{\nborder-radius:0px 0px 0px 0px;\npadding:0px 0px 0px 0px;\n}\n<\/style>\n<div  class='flex_column av-av_one_fifth-6126cab7d8fab8d08143dd2dacdf673c av_one_fifth  avia-builder-el-1  el_before_av_three_fifth  avia-builder-el-first  first flex_column_div av-zero-column-padding  '     ><\/div>\n<style type=\"text\/css\" data-created_by=\"avia_inline_auto\" id=\"style-css-av-av_three_fifth-bfb27b7fa25d18db5fa939ebd43aedaa\">\n.flex_column.av-av_three_fifth-bfb27b7fa25d18db5fa939ebd43aedaa{\nborder-radius:20px 20px 20px 20px;\npadding:0px 25px 25px 25px;\n}\n<\/style>\n<div  class='flex_column av-av_three_fifth-bfb27b7fa25d18db5fa939ebd43aedaa av_three_fifth  avia-builder-el-2  el_after_av_one_fifth  el_before_av_one_fifth  flex_column_div av-animated-generic bottom-to-top  '     ><style type=\"text\/css\" data-created_by=\"avia_inline_auto\" id=\"style-css-av-av_textblock-633999fe232c0ff431f40e36e736511f\">\n#top .av_textblock_section.av-av_textblock-633999fe232c0ff431f40e36e736511f .avia_textblock{\nfont-size:24px;\ncolor:#777777;\n}\n<\/style>\n<section  class='av_textblock_section av-av_textblock-633999fe232c0ff431f40e36e736511f '   itemscope=\"itemscope\" itemtype=\"https:\/\/schema.org\/CreativeWork\" ><div class='avia_textblock av_inherit_color'  itemprop=\"text\" ><h1 style=\"text-align: center;\">K\u00fcchen<\/h1>\n<p style=\"text-align: center;\">individuell vom <strong>Tischlermeister Gerald Kleber<\/strong> in <strong>Villach<\/strong>.<\/p>\n<\/div><\/section><\/div>\n<style type=\"text\/css\" data-created_by=\"avia_inline_auto\" id=\"style-css-av-av_one_fifth-0aa7055fe62c3622faec82866afbaeb2\">\n.flex_column.av-av_one_fifth-0aa7055fe62c3622faec82866afbaeb2{\nborder-radius:0px 0px 0px 0px;\npadding:0px 0px 0px 0px;\n}\n<\/style>\n<div  class='flex_column av-av_one_fifth-0aa7055fe62c3622faec82866afbaeb2 av_one_fifth  avia-builder-el-4  el_after_av_three_fifth  avia-builder-el-last  flex_column_div av-zero-column-padding  '     ><\/div>\n\n<\/div><\/div><\/main><!-- close content main element --><\/div><\/div><\/div><div id='av_section_2'  class='avia-section av-av_section-2220876b8118ab911a78af659d444d02 main_color avia-section-default avia-no-shadow  avia-builder-el-5  el_after_av_section  el_before_av_section  produkte-masonry avia-bg-style-scroll container_wrap fullsize'  ><div class='container av-section-cont-open' ><div class='template-page content  av-content-full alpha units'><div class='post-entry post-entry-type-page post-entry-399'><div class='entry-content-wrapper clearfix'>\n<div id='av-masonry-1' class='av-masonry av-av_masonry_gallery-4aacfc5c0348f374f5f8757fca0b8cae noHover av-flex-size av-large-gap av-hover-overlay- av-masonry-animation-active av-masonry-col-flexible av-caption-always av-caption-style- av-masonry-gallery produkte-masonry' data-post_id=\"399\"><div class=\"av-masonry-container isotope av-js-disabled\"><div class='av-masonry-entry isotope-item av-masonry-item-no-image '><\/div><a href=\"https:\/\/www.tischler-kleber.at\/villach\/wp-content\/uploads\/2016\/11\/K\u00fcche-Fronten-gl\u00e4nzend-lackiert.jpg\" data-srcset=\"https:\/\/www.tischler-kleber.at\/villach\/wp-content\/uploads\/2016\/11\/K\u00fcche-Fronten-gl\u00e4nzend-lackiert.jpg 800w, https:\/\/www.tischler-kleber.at\/villach\/wp-content\/uploads\/2016\/11\/K\u00fcche-Fronten-gl\u00e4nzend-lackiert-300x225.jpg 300w, https:\/\/www.tischler-kleber.at\/villach\/wp-content\/uploads\/2016\/11\/K\u00fcche-Fronten-gl\u00e4nzend-lackiert-768x575.jpg 768w, https:\/\/www.tischler-kleber.at\/villach\/wp-content\/uploads\/2016\/11\/K\u00fcche-Fronten-gl\u00e4nzend-lackiert-705x528.jpg 705w, https:\/\/www.tischler-kleber.at\/villach\/wp-content\/uploads\/2016\/11\/K\u00fcche-Fronten-gl\u00e4nzend-lackiert-450x337.jpg 450w\" data-sizes=\"(max-width: 800px) 100vw, 800px\"  aria-label=\"Bild K\u00fcche Fronten gl\u00e4nzend lackiert\"  id='av-masonry-1-item-403' data-av-masonry-item='403' class='av-masonry-entry isotope-item post-403 attachment type-attachment status-inherit hentry  av-masonry-item-with-image' title=\"K\u00fcche Fronten gl\u00e4nzend lackiert\" alt=\"\"    itemprop=\"thumbnailUrl\" ><div class='av-inner-masonry-sizer'><\/div><figure class='av-inner-masonry main_color'><div class=\"av-masonry-outerimage-container\"><div class='av-masonry-image-container'   ><img decoding=\"async\" width=\"705\" height=\"528\" fetchpriority=\"high\" class=\"wp-image-403 avia-img-lazy-loading-not-403\"  src=\"https:\/\/www.tischler-kleber.at\/villach\/wp-content\/uploads\/2016\/11\/K\u00fcche-Fronten-gl\u00e4nzend-lackiert-705x528.jpg\" title=\"K\u00fcche Fronten gl\u00e4nzend lackiert\" alt=\"\" srcset=\"https:\/\/www.tischler-kleber.at\/villach\/wp-content\/uploads\/2016\/11\/K\u00fcche-Fronten-gl\u00e4nzend-lackiert-705x528.jpg 705w, https:\/\/www.tischler-kleber.at\/villach\/wp-content\/uploads\/2016\/11\/K\u00fcche-Fronten-gl\u00e4nzend-lackiert-300x225.jpg 300w, https:\/\/www.tischler-kleber.at\/villach\/wp-content\/uploads\/2016\/11\/K\u00fcche-Fronten-gl\u00e4nzend-lackiert-768x575.jpg 768w, https:\/\/www.tischler-kleber.at\/villach\/wp-content\/uploads\/2016\/11\/K\u00fcche-Fronten-gl\u00e4nzend-lackiert-450x337.jpg 450w, https:\/\/www.tischler-kleber.at\/villach\/wp-content\/uploads\/2016\/11\/K\u00fcche-Fronten-gl\u00e4nzend-lackiert.jpg 800w\" sizes=\"(max-width: 705px) 100vw, 705px\" \/><\/div><\/div><figcaption class='av-inner-masonry-content site-background'><div class='av-inner-masonry-content-pos'><div class='av-inner-masonry-content-pos-content'><div class='avia-arrow'><\/div><h3 class='av-masonry-entry-title entry-title '  itemprop=\"headline\" >K\u00fcche Fronten gl\u00e4nzend lackiert<\/h3><\/div><\/div><\/figcaption><\/figure><\/a><!--end av-masonry entry--><a href=\"https:\/\/www.tischler-kleber.at\/villach\/wp-content\/uploads\/2016\/11\/K\u00fcche-Fronten-Dekor-Arbeitsplatte-Granit.jpg\" data-srcset=\"https:\/\/www.tischler-kleber.at\/villach\/wp-content\/uploads\/2016\/11\/K\u00fcche-Fronten-Dekor-Arbeitsplatte-Granit.jpg 800w, https:\/\/www.tischler-kleber.at\/villach\/wp-content\/uploads\/2016\/11\/K\u00fcche-Fronten-Dekor-Arbeitsplatte-Granit-300x224.jpg 300w, https:\/\/www.tischler-kleber.at\/villach\/wp-content\/uploads\/2016\/11\/K\u00fcche-Fronten-Dekor-Arbeitsplatte-Granit-768x574.jpg 768w, https:\/\/www.tischler-kleber.at\/villach\/wp-content\/uploads\/2016\/11\/K\u00fcche-Fronten-Dekor-Arbeitsplatte-Granit-705x527.jpg 705w, https:\/\/www.tischler-kleber.at\/villach\/wp-content\/uploads\/2016\/11\/K\u00fcche-Fronten-Dekor-Arbeitsplatte-Granit-450x336.jpg 450w\" data-sizes=\"(max-width: 800px) 100vw, 800px\"  aria-label=\"Bild K\u00fcche Fronten Dekor &#8211; Arbeitsplatte Granit\"  id='av-masonry-1-item-402' data-av-masonry-item='402' class='av-masonry-entry isotope-item post-402 attachment type-attachment status-inherit hentry  av-masonry-item-with-image' title=\"K\u00fcche Fronten Dekor &#8211; Arbeitsplatte Granit\" alt=\"K\u00fcche Fronten Dekor dunkel - Arbeitsplatte dunkler Granit\"    itemprop=\"thumbnailUrl\" ><div class='av-inner-masonry-sizer'><\/div><figure class='av-inner-masonry main_color'><div class=\"av-masonry-outerimage-container\"><div class='av-masonry-image-container'   ><img decoding=\"async\" width=\"705\" height=\"527\" fetchpriority=\"high\" class=\"wp-image-402 avia-img-lazy-loading-not-402\"  src=\"https:\/\/www.tischler-kleber.at\/villach\/wp-content\/uploads\/2016\/11\/K\u00fcche-Fronten-Dekor-Arbeitsplatte-Granit-705x527.jpg\" title=\"K\u00fcche Fronten Dekor &#8211; Arbeitsplatte Granit\" alt=\"K\u00fcche Fronten Dekor dunkel - Arbeitsplatte dunkler Granit\" srcset=\"https:\/\/www.tischler-kleber.at\/villach\/wp-content\/uploads\/2016\/11\/K\u00fcche-Fronten-Dekor-Arbeitsplatte-Granit-705x527.jpg 705w, https:\/\/www.tischler-kleber.at\/villach\/wp-content\/uploads\/2016\/11\/K\u00fcche-Fronten-Dekor-Arbeitsplatte-Granit-300x224.jpg 300w, https:\/\/www.tischler-kleber.at\/villach\/wp-content\/uploads\/2016\/11\/K\u00fcche-Fronten-Dekor-Arbeitsplatte-Granit-768x574.jpg 768w, https:\/\/www.tischler-kleber.at\/villach\/wp-content\/uploads\/2016\/11\/K\u00fcche-Fronten-Dekor-Arbeitsplatte-Granit-450x336.jpg 450w, https:\/\/www.tischler-kleber.at\/villach\/wp-content\/uploads\/2016\/11\/K\u00fcche-Fronten-Dekor-Arbeitsplatte-Granit.jpg 800w\" sizes=\"(max-width: 705px) 100vw, 705px\" \/><\/div><\/div><figcaption class='av-inner-masonry-content site-background'><div class='av-inner-masonry-content-pos'><div class='av-inner-masonry-content-pos-content'><div class='avia-arrow'><\/div><h3 class='av-masonry-entry-title entry-title '  itemprop=\"headline\" >K\u00fcche Fronten Dekor &#8211; Arbeitsplatte Granit<\/h3><\/div><\/div><\/figcaption><\/figure><\/a><!--end av-masonry entry--><a href=\"https:\/\/www.tischler-kleber.at\/villach\/wp-content\/uploads\/2016\/11\/K\u00fcche-Fronten-mit-F\u00fcllungen.jpg\" data-srcset=\"https:\/\/www.tischler-kleber.at\/villach\/wp-content\/uploads\/2016\/11\/K\u00fcche-Fronten-mit-F\u00fcllungen.jpg 800w, https:\/\/www.tischler-kleber.at\/villach\/wp-content\/uploads\/2016\/11\/K\u00fcche-Fronten-mit-F\u00fcllungen-300x225.jpg 300w, https:\/\/www.tischler-kleber.at\/villach\/wp-content\/uploads\/2016\/11\/K\u00fcche-Fronten-mit-F\u00fcllungen-768x576.jpg 768w, https:\/\/www.tischler-kleber.at\/villach\/wp-content\/uploads\/2016\/11\/K\u00fcche-Fronten-mit-F\u00fcllungen-705x529.jpg 705w, https:\/\/www.tischler-kleber.at\/villach\/wp-content\/uploads\/2016\/11\/K\u00fcche-Fronten-mit-F\u00fcllungen-450x338.jpg 450w\" data-sizes=\"(max-width: 800px) 100vw, 800px\"  aria-label=\"Bild K\u00fcche Fronten mit F\u00fcllungen\"  id='av-masonry-1-item-400' data-av-masonry-item='400' class='av-masonry-entry isotope-item post-400 attachment type-attachment status-inherit hentry  av-masonry-item-with-image' title=\"K\u00fcche Fronten mit F\u00fcllungen\" alt=\"K\u00fcche in weiss, Fronten mit F\u00fcllungen\"    itemprop=\"thumbnailUrl\" ><div class='av-inner-masonry-sizer'><\/div><figure class='av-inner-masonry main_color'><div class=\"av-masonry-outerimage-container\"><div class='av-masonry-image-container'   ><img decoding=\"async\" width=\"705\" height=\"529\" fetchpriority=\"high\" class=\"wp-image-400 avia-img-lazy-loading-not-400\"  src=\"https:\/\/www.tischler-kleber.at\/villach\/wp-content\/uploads\/2016\/11\/K\u00fcche-Fronten-mit-F\u00fcllungen-705x529.jpg\" title=\"K\u00fcche Fronten mit F\u00fcllungen\" alt=\"K\u00fcche in weiss, Fronten mit F\u00fcllungen\" srcset=\"https:\/\/www.tischler-kleber.at\/villach\/wp-content\/uploads\/2016\/11\/K\u00fcche-Fronten-mit-F\u00fcllungen-705x529.jpg 705w, https:\/\/www.tischler-kleber.at\/villach\/wp-content\/uploads\/2016\/11\/K\u00fcche-Fronten-mit-F\u00fcllungen-300x225.jpg 300w, https:\/\/www.tischler-kleber.at\/villach\/wp-content\/uploads\/2016\/11\/K\u00fcche-Fronten-mit-F\u00fcllungen-768x576.jpg 768w, https:\/\/www.tischler-kleber.at\/villach\/wp-content\/uploads\/2016\/11\/K\u00fcche-Fronten-mit-F\u00fcllungen-450x338.jpg 450w, https:\/\/www.tischler-kleber.at\/villach\/wp-content\/uploads\/2016\/11\/K\u00fcche-Fronten-mit-F\u00fcllungen.jpg 800w\" sizes=\"(max-width: 705px) 100vw, 705px\" \/><\/div><\/div><figcaption class='av-inner-masonry-content site-background'><div class='av-inner-masonry-content-pos'><div class='av-inner-masonry-content-pos-content'><div class='avia-arrow'><\/div><h3 class='av-masonry-entry-title entry-title '  itemprop=\"headline\" >K\u00fcche Fronten mit F\u00fcllungen<\/h3><\/div><\/div><\/figcaption><\/figure><\/a><!--end av-masonry entry--><a href=\"https:\/\/www.tischler-kleber.at\/villach\/wp-content\/uploads\/2016\/11\/K\u00fcche-mit-gl\u00e4nzend-lakierten-Fronten-mit-schwarzer-Sitzbank-Leder-Arbeitsfl\u00e4che-Alu.jpg\" data-srcset=\"https:\/\/www.tischler-kleber.at\/villach\/wp-content\/uploads\/2016\/11\/K\u00fcche-mit-gl\u00e4nzend-lakierten-Fronten-mit-schwarzer-Sitzbank-Leder-Arbeitsfl\u00e4che-Alu.jpg 800w, https:\/\/www.tischler-kleber.at\/villach\/wp-content\/uploads\/2016\/11\/K\u00fcche-mit-gl\u00e4nzend-lakierten-Fronten-mit-schwarzer-Sitzbank-Leder-Arbeitsfl\u00e4che-Alu-300x225.jpg 300w, https:\/\/www.tischler-kleber.at\/villach\/wp-content\/uploads\/2016\/11\/K\u00fcche-mit-gl\u00e4nzend-lakierten-Fronten-mit-schwarzer-Sitzbank-Leder-Arbeitsfl\u00e4che-Alu-768x576.jpg 768w, https:\/\/www.tischler-kleber.at\/villach\/wp-content\/uploads\/2016\/11\/K\u00fcche-mit-gl\u00e4nzend-lakierten-Fronten-mit-schwarzer-Sitzbank-Leder-Arbeitsfl\u00e4che-Alu-705x529.jpg 705w, https:\/\/www.tischler-kleber.at\/villach\/wp-content\/uploads\/2016\/11\/K\u00fcche-mit-gl\u00e4nzend-lakierten-Fronten-mit-schwarzer-Sitzbank-Leder-Arbeitsfl\u00e4che-Alu-450x338.jpg 450w\" data-sizes=\"(max-width: 800px) 100vw, 800px\"  aria-label=\"Bild K\u00fcche mit gl\u00e4nzend lakierten Fronten und schwarzer Sitzbank mit Leder | Arbeitsfl\u00e4che Alu\"  id='av-masonry-1-item-401' data-av-masonry-item='401' class='av-masonry-entry isotope-item post-401 attachment type-attachment status-inherit hentry  av-masonry-item-with-image' title=\"K\u00fcche mit gl\u00e4nzend lakierten Fronten und schwarzer Sitzbank mit Leder | Arbeitsfl\u00e4che Alu\" alt=\"K\u00fcche mit gl\u00e4nzend lakierten Fronten und schwarzer Sitzbank mit Leder Arbeitsfl\u00e4che Alu\"    itemprop=\"thumbnailUrl\" ><div class='av-inner-masonry-sizer'><\/div><figure class='av-inner-masonry main_color'><div class=\"av-masonry-outerimage-container\"><div class='av-masonry-image-container'   ><img decoding=\"async\" width=\"705\" height=\"529\" fetchpriority=\"high\" class=\"wp-image-401 avia-img-lazy-loading-not-401\"  src=\"https:\/\/www.tischler-kleber.at\/villach\/wp-content\/uploads\/2016\/11\/K\u00fcche-mit-gl\u00e4nzend-lakierten-Fronten-mit-schwarzer-Sitzbank-Leder-Arbeitsfl\u00e4che-Alu-705x529.jpg\" title=\"K\u00fcche mit gl\u00e4nzend lakierten Fronten und schwarzer Sitzbank mit Leder | Arbeitsfl\u00e4che Alu\" alt=\"K\u00fcche mit gl\u00e4nzend lakierten Fronten und schwarzer Sitzbank mit Leder Arbeitsfl\u00e4che Alu\" srcset=\"https:\/\/www.tischler-kleber.at\/villach\/wp-content\/uploads\/2016\/11\/K\u00fcche-mit-gl\u00e4nzend-lakierten-Fronten-mit-schwarzer-Sitzbank-Leder-Arbeitsfl\u00e4che-Alu-705x529.jpg 705w, https:\/\/www.tischler-kleber.at\/villach\/wp-content\/uploads\/2016\/11\/K\u00fcche-mit-gl\u00e4nzend-lakierten-Fronten-mit-schwarzer-Sitzbank-Leder-Arbeitsfl\u00e4che-Alu-300x225.jpg 300w, https:\/\/www.tischler-kleber.at\/villach\/wp-content\/uploads\/2016\/11\/K\u00fcche-mit-gl\u00e4nzend-lakierten-Fronten-mit-schwarzer-Sitzbank-Leder-Arbeitsfl\u00e4che-Alu-768x576.jpg 768w, https:\/\/www.tischler-kleber.at\/villach\/wp-content\/uploads\/2016\/11\/K\u00fcche-mit-gl\u00e4nzend-lakierten-Fronten-mit-schwarzer-Sitzbank-Leder-Arbeitsfl\u00e4che-Alu-450x338.jpg 450w, https:\/\/www.tischler-kleber.at\/villach\/wp-content\/uploads\/2016\/11\/K\u00fcche-mit-gl\u00e4nzend-lakierten-Fronten-mit-schwarzer-Sitzbank-Leder-Arbeitsfl\u00e4che-Alu.jpg 800w\" sizes=\"(max-width: 705px) 100vw, 705px\" \/><\/div><\/div><figcaption class='av-inner-masonry-content site-background'><div class='av-inner-masonry-content-pos'><div class='av-inner-masonry-content-pos-content'><div class='avia-arrow'><\/div><h3 class='av-masonry-entry-title entry-title '  itemprop=\"headline\" >K\u00fcche mit gl\u00e4nzend lakierten Fronten und schwarzer Sitzbank mit Leder | Arbeitsfl\u00e4che Alu<\/h3><\/div><\/div><\/figcaption><\/figure><\/a><!--end av-masonry entry--><\/div><\/div>\n\n<\/div><\/div><\/div><!-- close content main div --><\/div><\/div><div id='av_section_3'  class='avia-section av-av_section-bb9bdb22c7f9e6bf1d52c155825dc7f7 main_color avia-section-default avia-no-shadow  avia-builder-el-7  el_after_av_section  avia-builder-el-last  avia-bg-style-scroll container_wrap fullsize'  ><div class='container av-section-cont-open' ><div class='template-page content  av-content-full alpha units'><div class='post-entry post-entry-type-page post-entry-399'><div class='entry-content-wrapper clearfix'>\n<div class='flex_column_table av-av_one_third-622509730b2d337f057f16ec5e7cc1cf sc-av_one_third av-equal-height-column-flextable'>\n<style type=\"text\/css\" data-created_by=\"avia_inline_auto\" id=\"style-css-av-av_one_third-622509730b2d337f057f16ec5e7cc1cf\">\n.flex_column.av-av_one_third-622509730b2d337f057f16ec5e7cc1cf{\nborder-radius:20px 20px 20px 20px;\npadding:25px 25px 25px 25px;\n}\n<\/style>\n<div  class='flex_column av-av_one_third-622509730b2d337f057f16ec5e7cc1cf av_one_third  avia-builder-el-8  el_before_av_one_third  avia-builder-el-first  first no_margin flex_column_table_cell av-equal-height-column av-align-top av-animated-generic bottom-to-top  '     ><style type=\"text\/css\" data-created_by=\"avia_inline_auto\" id=\"style-css-av-av_textblock-633999fe232c0ff431f40e36e736511f\">\n#top .av_textblock_section.av-av_textblock-633999fe232c0ff431f40e36e736511f .avia_textblock{\nfont-size:24px;\ncolor:#777777;\n}\n<\/style>\n<section  class='av_textblock_section av-av_textblock-633999fe232c0ff431f40e36e736511f '   itemscope=\"itemscope\" itemtype=\"https:\/\/schema.org\/CreativeWork\" ><div class='avia_textblock av_inherit_color'  itemprop=\"text\" ><h3>K\u00fcchen<\/h3>\n<p>sind heute viel mehr als Mittel zum Zweck.<\/p>\n<p>Egal ob modern und in den Wohnraum eingebunden, oder klassisch als eigener Raum sind die qualitativen und optischen Anspr\u00fcche stark gestiegen.<\/p>\n<p>Die Tischlerei Kleber fertigt Ihre W\u00fcnschk\u00fcche in h\u00f6chster handwerklicher Qualit\u00e4t.<\/p>\n<\/div><\/section><\/div>\n<style type=\"text\/css\" data-created_by=\"avia_inline_auto\" id=\"style-css-av-av_one_third-28d506f8ab52ece2b827c10d8b8f1477\">\n.flex_column.av-av_one_third-28d506f8ab52ece2b827c10d8b8f1477{\nborder-radius:20px 20px 20px 20px;\npadding:25px 25px 25px 25px;\n}\n<\/style>\n<div  class='flex_column av-av_one_third-28d506f8ab52ece2b827c10d8b8f1477 av_one_third  avia-builder-el-10  el_after_av_one_third  el_before_av_one_third  no_margin flex_column_table_cell av-equal-height-column av-align-top av-animated-generic bottom-to-top  '     ><style type=\"text\/css\" data-created_by=\"avia_inline_auto\" id=\"style-css-av-av_textblock-653ff9c34e7abc0844d6d01aeaa45831\">\n#top .av_textblock_section.av-av_textblock-653ff9c34e7abc0844d6d01aeaa45831 .avia_textblock{\ncolor:#777777;\n}\n<\/style>\n<section  class='av_textblock_section av-av_textblock-653ff9c34e7abc0844d6d01aeaa45831 '   itemscope=\"itemscope\" itemtype=\"https:\/\/schema.org\/CreativeWork\" ><div class='avia_textblock text-vom av_inherit_color'  itemprop=\"text\" ><p>vom<\/p>\n<ul>\n<li>K\u00fcchentisch<\/li>\n<li>K\u00fcchenarbeitsplatte<\/li>\n<li>K\u00fcchenschrank<\/li>\n<li>K\u00fcche mit Kochinsel<\/li>\n<li>Wohnk\u00fcche<\/li>\n<li>Einbauk\u00fcche<\/li>\n<\/ul>\n<p>reicht das Angebot vom Tischlermeister Gerald Kleber.<\/p>\n<\/div><\/section><\/div>\n<style type=\"text\/css\" data-created_by=\"avia_inline_auto\" id=\"style-css-av-av_one_third-28d506f8ab52ece2b827c10d8b8f1477\">\n.flex_column.av-av_one_third-28d506f8ab52ece2b827c10d8b8f1477{\nborder-radius:20px 20px 20px 20px;\npadding:25px 25px 25px 25px;\n}\n<\/style>\n<div  class='flex_column av-av_one_third-28d506f8ab52ece2b827c10d8b8f1477 av_one_third  avia-builder-el-12  el_after_av_one_third  avia-builder-el-last  no_margin flex_column_table_cell av-equal-height-column av-align-top av-animated-generic bottom-to-top  '     ><style type=\"text\/css\" data-created_by=\"avia_inline_auto\" id=\"style-css-av-av_textblock-633999fe232c0ff431f40e36e736511f\">\n#top .av_textblock_section.av-av_textblock-633999fe232c0ff431f40e36e736511f .avia_textblock{\nfont-size:24px;\ncolor:#777777;\n}\n<\/style>\n<section  class='av_textblock_section av-av_textblock-633999fe232c0ff431f40e36e736511f '   itemscope=\"itemscope\" itemtype=\"https:\/\/schema.org\/CreativeWork\" ><div class='avia_textblock av_inherit_color'  itemprop=\"text\" ><h3>Tischler Gerald Kleber<\/h3>\n<p>in Villach<\/p>\n<p>beratet Sie gerne bei allen Details.<\/p>\n<p>Es w\u00fcrde es uns freuen wenn wir Ihre W\u00fcnsche in die Realit\u00e4t umsetzen d\u00fcrfen.<\/p>\n<\/div><\/section><\/div><\/div><!--close column table wrapper. Autoclose: 1 -->\n","protected":false},"excerpt":{"rendered":"","protected":false},"author":1,"featured_media":0,"parent":0,"menu_order":0,"comment_status":"closed","ping_status":"closed","template":"","meta":{"footnotes":""},"_links":{"self":[{"href":"https:\/\/www.tischler-kleber.at\/villach\/wp-json\/wp\/v2\/pages\/399"}],"collection":[{"href":"https:\/\/www.tischler-kleber.at\/villach\/wp-json\/wp\/v2\/pages"}],"about":[{"href":"https:\/\/www.tischler-kleber.at\/villach\/wp-json\/wp\/v2\/types\/page"}],"author":[{"embeddable":true,"href":"https:\/\/www.tischler-kleber.at\/villach\/wp-json\/wp\/v2\/users\/1"}],"replies":[{"embeddable":true,"href":"https:\/\/www.tischler-kleber.at\/villach\/wp-json\/wp\/v2\/comments?post=399"}],"version-history":[{"count":8,"href":"https:\/\/www.tischler-kleber.at\/villach\/wp-json\/wp\/v2\/pages\/399\/revisions"}],"predecessor-version":[{"id":714,"href":"https:\/\/www.tischler-kleber.at\/villach\/wp-json\/wp\/v2\/pages\/399\/revisions\/714"}],"wp:attachment":[{"href":"https:\/\/www.tischler-kleber.at\/villach\/wp-json\/wp\/v2\/media?parent=399"}],"curies":[{"name":"wp","href":"https:\/\/api.w.org\/{rel}","templated":true}]}}