{"id":171,"date":"2016-06-20T15:54:21","date_gmt":"2016-06-20T13:54:21","guid":{"rendered":"http:\/\/www.tischler-kleber.at\/villach\/?page_id=171"},"modified":"2017-02-27T09:46:03","modified_gmt":"2017-02-27T08:46:03","slug":"tische","status":"publish","type":"page","link":"https:\/\/www.tischler-kleber.at\/villach\/tische\/","title":{"rendered":"Tische"},"content":{"rendered":"\n<style type=\"text\/css\" data-created_by=\"avia_inline_auto\" id=\"style-css-av-av_section-8c2e571d0364b3c015ec58663a39630c\">\n.avia-section.av-av_section-8c2e571d0364b3c015ec58663a39630c{\nbackground-color:#f9f9f9;\nbackground-image:unset;\n}\n<\/style>\n<div id='av_section_1'  class='avia-section av-av_section-8c2e571d0364b3c015ec58663a39630c main_color avia-section-default avia-no-shadow  avia-builder-el-0  el_before_av_section  avia-builder-el-first  avia-bg-style-fixed container_wrap fullsize'  ><div class=\"av-section-color-overlay-wrap\"><a href='#next-section' title='' class='scroll-down-link ' aria-hidden='true' data-av_icon='\ue877' data-av_iconfont='entypo-fontello'><\/a><div class='container av-section-cont-open' ><main  role=\"main\" itemprop=\"mainContentOfPage\"  class='template-page content  av-content-full alpha units'><div class='post-entry post-entry-type-page post-entry-171'><div class='entry-content-wrapper clearfix'>\n\n<style type=\"text\/css\" data-created_by=\"avia_inline_auto\" id=\"style-css-av-av_one_fifth-6126cab7d8fab8d08143dd2dacdf673c\">\n.flex_column.av-av_one_fifth-6126cab7d8fab8d08143dd2dacdf673c{\nborder-radius:0px 0px 0px 0px;\npadding:0px 0px 0px 0px;\n}\n<\/style>\n<div  class='flex_column av-av_one_fifth-6126cab7d8fab8d08143dd2dacdf673c av_one_fifth  avia-builder-el-1  el_before_av_three_fifth  avia-builder-el-first  first flex_column_div av-zero-column-padding  '     ><\/div>\n<style type=\"text\/css\" data-created_by=\"avia_inline_auto\" id=\"style-css-av-av_three_fifth-bfb27b7fa25d18db5fa939ebd43aedaa\">\n.flex_column.av-av_three_fifth-bfb27b7fa25d18db5fa939ebd43aedaa{\nborder-radius:20px 20px 20px 20px;\npadding:0px 25px 25px 25px;\n}\n<\/style>\n<div  class='flex_column av-av_three_fifth-bfb27b7fa25d18db5fa939ebd43aedaa av_three_fifth  avia-builder-el-2  el_after_av_one_fifth  el_before_av_one_fifth  flex_column_div av-animated-generic bottom-to-top  '     ><style type=\"text\/css\" data-created_by=\"avia_inline_auto\" id=\"style-css-av-av_textblock-633999fe232c0ff431f40e36e736511f\">\n#top .av_textblock_section.av-av_textblock-633999fe232c0ff431f40e36e736511f .avia_textblock{\nfont-size:24px;\ncolor:#777777;\n}\n<\/style>\n<section  class='av_textblock_section av-av_textblock-633999fe232c0ff431f40e36e736511f '   itemscope=\"itemscope\" itemtype=\"https:\/\/schema.org\/CreativeWork\" ><div class='avia_textblock av_inherit_color'  itemprop=\"text\" ><h1 style=\"text-align: center;\">Tische<\/h1>\n<p style=\"text-align: center;\">in allen Varianten von modern bis rustikal bietet Ihnen ihr <strong>Tischler Gerald Kleber<\/strong> in <strong>Villach<\/strong>.<\/p>\n<\/div><\/section><\/div>\n<style type=\"text\/css\" data-created_by=\"avia_inline_auto\" id=\"style-css-av-av_one_fifth-0aa7055fe62c3622faec82866afbaeb2\">\n.flex_column.av-av_one_fifth-0aa7055fe62c3622faec82866afbaeb2{\nborder-radius:0px 0px 0px 0px;\npadding:0px 0px 0px 0px;\n}\n<\/style>\n<div  class='flex_column av-av_one_fifth-0aa7055fe62c3622faec82866afbaeb2 av_one_fifth  avia-builder-el-4  el_after_av_three_fifth  avia-builder-el-last  flex_column_div av-zero-column-padding  '     ><\/div>\n\n<\/div><\/div><\/main><!-- close content main element --><\/div><\/div><\/div><div id='av_section_2'  class='avia-section av-av_section-a1012ac214693a12b46d35196b21ee9d main_color avia-section-default avia-no-shadow  avia-builder-el-5  el_after_av_section  el_before_av_section  avia-bg-style-scroll container_wrap fullsize'  ><div class='container av-section-cont-open' ><div class='template-page content  av-content-full alpha units'><div class='post-entry post-entry-type-page post-entry-171'><div class='entry-content-wrapper clearfix'>\n<div id='av-masonry-1' class='av-masonry av-av_masonry_gallery-45f1c9967111e29088e826f8ff25c693 noHover av-flex-size av-large-gap av-hover-overlay- av-masonry-animation-active av-masonry-col-flexible av-caption-always av-caption-style- av-masonry-gallery produkte-masonry' data-post_id=\"171\"><div class=\"av-masonry-container isotope av-js-disabled\"><div class='av-masonry-entry isotope-item av-masonry-item-no-image '><\/div><a href=\"https:\/\/www.tischler-kleber.at\/villach\/wp-content\/uploads\/2016\/06\/Esstisch-Eiche-massiv-geb\u00fcrstet-und-ge\u00f6lt.jpg\" data-srcset=\"https:\/\/www.tischler-kleber.at\/villach\/wp-content\/uploads\/2016\/06\/Esstisch-Eiche-massiv-geb\u00fcrstet-und-ge\u00f6lt.jpg 1000w, https:\/\/www.tischler-kleber.at\/villach\/wp-content\/uploads\/2016\/06\/Esstisch-Eiche-massiv-geb\u00fcrstet-und-ge\u00f6lt-300x225.jpg 300w, https:\/\/www.tischler-kleber.at\/villach\/wp-content\/uploads\/2016\/06\/Esstisch-Eiche-massiv-geb\u00fcrstet-und-ge\u00f6lt-768x576.jpg 768w, https:\/\/www.tischler-kleber.at\/villach\/wp-content\/uploads\/2016\/06\/Esstisch-Eiche-massiv-geb\u00fcrstet-und-ge\u00f6lt-705x529.jpg 705w, https:\/\/www.tischler-kleber.at\/villach\/wp-content\/uploads\/2016\/06\/Esstisch-Eiche-massiv-geb\u00fcrstet-und-ge\u00f6lt-450x338.jpg 450w\" data-sizes=\"(max-width: 1000px) 100vw, 1000px\"  aria-label=\"Bild Esstisch Eiche massiv, geb\u00fcrstet und ge\u00f6lt\"  id='av-masonry-1-item-297' data-av-masonry-item='297' class='av-masonry-entry isotope-item post-297 attachment type-attachment status-inherit hentry  av-masonry-item-with-image' title=\"Esstisch Eiche massiv, geb\u00fcrstet und ge\u00f6lt\" alt=\"Esstisch Eiche massiv, geb\u00fcrstet und ge\u00f6lt\"    itemprop=\"thumbnailUrl\" ><div class='av-inner-masonry-sizer'><\/div><figure class='av-inner-masonry main_color'><div class=\"av-masonry-outerimage-container\"><div class='av-masonry-image-container'   ><img decoding=\"async\" width=\"705\" height=\"529\" fetchpriority=\"high\" class=\"wp-image-297 avia-img-lazy-loading-not-297\"  src=\"https:\/\/www.tischler-kleber.at\/villach\/wp-content\/uploads\/2016\/06\/Esstisch-Eiche-massiv-geb\u00fcrstet-und-ge\u00f6lt-705x529.jpg\" title=\"Esstisch Eiche massiv, geb\u00fcrstet und ge\u00f6lt\" alt=\"Esstisch Eiche massiv, geb\u00fcrstet und ge\u00f6lt\" srcset=\"https:\/\/www.tischler-kleber.at\/villach\/wp-content\/uploads\/2016\/06\/Esstisch-Eiche-massiv-geb\u00fcrstet-und-ge\u00f6lt-705x529.jpg 705w, https:\/\/www.tischler-kleber.at\/villach\/wp-content\/uploads\/2016\/06\/Esstisch-Eiche-massiv-geb\u00fcrstet-und-ge\u00f6lt-300x225.jpg 300w, https:\/\/www.tischler-kleber.at\/villach\/wp-content\/uploads\/2016\/06\/Esstisch-Eiche-massiv-geb\u00fcrstet-und-ge\u00f6lt-768x576.jpg 768w, https:\/\/www.tischler-kleber.at\/villach\/wp-content\/uploads\/2016\/06\/Esstisch-Eiche-massiv-geb\u00fcrstet-und-ge\u00f6lt-450x338.jpg 450w, https:\/\/www.tischler-kleber.at\/villach\/wp-content\/uploads\/2016\/06\/Esstisch-Eiche-massiv-geb\u00fcrstet-und-ge\u00f6lt.jpg 1000w\" sizes=\"(max-width: 705px) 100vw, 705px\" \/><\/div><\/div><figcaption class='av-inner-masonry-content site-background'><div class='av-inner-masonry-content-pos'><div class='av-inner-masonry-content-pos-content'><div class='avia-arrow'><\/div><h3 class='av-masonry-entry-title entry-title '  itemprop=\"headline\" >Esstisch Eiche massiv, geb\u00fcrstet und ge\u00f6lt<\/h3><\/div><\/div><\/figcaption><\/figure><\/a><!--end av-masonry entry--><a href=\"https:\/\/www.tischler-kleber.at\/villach\/wp-content\/uploads\/2016\/06\/Esstisch-Eiche-massiv.jpg\" data-srcset=\"https:\/\/www.tischler-kleber.at\/villach\/wp-content\/uploads\/2016\/06\/Esstisch-Eiche-massiv.jpg 1000w, https:\/\/www.tischler-kleber.at\/villach\/wp-content\/uploads\/2016\/06\/Esstisch-Eiche-massiv-300x225.jpg 300w, https:\/\/www.tischler-kleber.at\/villach\/wp-content\/uploads\/2016\/06\/Esstisch-Eiche-massiv-768x576.jpg 768w, https:\/\/www.tischler-kleber.at\/villach\/wp-content\/uploads\/2016\/06\/Esstisch-Eiche-massiv-705x529.jpg 705w, https:\/\/www.tischler-kleber.at\/villach\/wp-content\/uploads\/2016\/06\/Esstisch-Eiche-massiv-450x338.jpg 450w\" data-sizes=\"(max-width: 1000px) 100vw, 1000px\"  aria-label=\"Bild Esstisch Eiche massiv\"  id='av-masonry-1-item-298' data-av-masonry-item='298' class='av-masonry-entry isotope-item post-298 attachment type-attachment status-inherit hentry  av-masonry-item-with-image' title=\"Esstisch Eiche massiv\" alt=\"Esstisch Eiche massiv\"    itemprop=\"thumbnailUrl\" ><div class='av-inner-masonry-sizer'><\/div><figure class='av-inner-masonry main_color'><div class=\"av-masonry-outerimage-container\"><div class='av-masonry-image-container'   ><img decoding=\"async\" width=\"705\" height=\"529\" fetchpriority=\"high\" class=\"wp-image-298 avia-img-lazy-loading-not-298\"  src=\"https:\/\/www.tischler-kleber.at\/villach\/wp-content\/uploads\/2016\/06\/Esstisch-Eiche-massiv-705x529.jpg\" title=\"Esstisch Eiche massiv\" alt=\"Esstisch Eiche massiv\" srcset=\"https:\/\/www.tischler-kleber.at\/villach\/wp-content\/uploads\/2016\/06\/Esstisch-Eiche-massiv-705x529.jpg 705w, https:\/\/www.tischler-kleber.at\/villach\/wp-content\/uploads\/2016\/06\/Esstisch-Eiche-massiv-300x225.jpg 300w, https:\/\/www.tischler-kleber.at\/villach\/wp-content\/uploads\/2016\/06\/Esstisch-Eiche-massiv-768x576.jpg 768w, https:\/\/www.tischler-kleber.at\/villach\/wp-content\/uploads\/2016\/06\/Esstisch-Eiche-massiv-450x338.jpg 450w, https:\/\/www.tischler-kleber.at\/villach\/wp-content\/uploads\/2016\/06\/Esstisch-Eiche-massiv.jpg 1000w\" sizes=\"(max-width: 705px) 100vw, 705px\" \/><\/div><\/div><figcaption class='av-inner-masonry-content site-background'><div class='av-inner-masonry-content-pos'><div class='av-inner-masonry-content-pos-content'><div class='avia-arrow'><\/div><h3 class='av-masonry-entry-title entry-title '  itemprop=\"headline\" >Esstisch Eiche massiv<\/h3><\/div><\/div><\/figcaption><\/figure><\/a><!--end av-masonry entry--><a href=\"https:\/\/www.tischler-kleber.at\/villach\/wp-content\/uploads\/2016\/06\/rustikaler-Tisch-Buche-massiv.jpg\" data-srcset=\"https:\/\/www.tischler-kleber.at\/villach\/wp-content\/uploads\/2016\/06\/rustikaler-Tisch-Buche-massiv.jpg 1000w, https:\/\/www.tischler-kleber.at\/villach\/wp-content\/uploads\/2016\/06\/rustikaler-Tisch-Buche-massiv-300x225.jpg 300w, https:\/\/www.tischler-kleber.at\/villach\/wp-content\/uploads\/2016\/06\/rustikaler-Tisch-Buche-massiv-768x576.jpg 768w, https:\/\/www.tischler-kleber.at\/villach\/wp-content\/uploads\/2016\/06\/rustikaler-Tisch-Buche-massiv-705x529.jpg 705w, https:\/\/www.tischler-kleber.at\/villach\/wp-content\/uploads\/2016\/06\/rustikaler-Tisch-Buche-massiv-450x338.jpg 450w\" data-sizes=\"(max-width: 1000px) 100vw, 1000px\"  aria-label=\"Bild Rustikaler Tisch aus Buche massiv\"  id='av-masonry-1-item-299' data-av-masonry-item='299' class='av-masonry-entry isotope-item post-299 attachment type-attachment status-inherit hentry  av-masonry-item-with-image' title=\"Rustikaler Tisch aus Buche massiv\" alt=\"\"    itemprop=\"thumbnailUrl\" ><div class='av-inner-masonry-sizer'><\/div><figure class='av-inner-masonry main_color'><div class=\"av-masonry-outerimage-container\"><div class='av-masonry-image-container'   ><img decoding=\"async\" width=\"705\" height=\"529\" fetchpriority=\"high\" class=\"wp-image-299 avia-img-lazy-loading-not-299\"  src=\"https:\/\/www.tischler-kleber.at\/villach\/wp-content\/uploads\/2016\/06\/rustikaler-Tisch-Buche-massiv-705x529.jpg\" title=\"Rustikaler Tisch aus Buche massiv\" alt=\"\" srcset=\"https:\/\/www.tischler-kleber.at\/villach\/wp-content\/uploads\/2016\/06\/rustikaler-Tisch-Buche-massiv-705x529.jpg 705w, https:\/\/www.tischler-kleber.at\/villach\/wp-content\/uploads\/2016\/06\/rustikaler-Tisch-Buche-massiv-300x225.jpg 300w, https:\/\/www.tischler-kleber.at\/villach\/wp-content\/uploads\/2016\/06\/rustikaler-Tisch-Buche-massiv-768x576.jpg 768w, https:\/\/www.tischler-kleber.at\/villach\/wp-content\/uploads\/2016\/06\/rustikaler-Tisch-Buche-massiv-450x338.jpg 450w, https:\/\/www.tischler-kleber.at\/villach\/wp-content\/uploads\/2016\/06\/rustikaler-Tisch-Buche-massiv.jpg 1000w\" sizes=\"(max-width: 705px) 100vw, 705px\" \/><\/div><\/div><figcaption class='av-inner-masonry-content site-background'><div class='av-inner-masonry-content-pos'><div class='av-inner-masonry-content-pos-content'><div class='avia-arrow'><\/div><h3 class='av-masonry-entry-title entry-title '  itemprop=\"headline\" >Rustikaler Tisch aus Buche massiv<\/h3><\/div><\/div><\/figcaption><\/figure><\/a><!--end av-masonry entry--><a href=\"https:\/\/www.tischler-kleber.at\/villach\/wp-content\/uploads\/2016\/06\/Esstisch-Eiche-dunkel-gebeizt.jpg\" data-srcset=\"https:\/\/www.tischler-kleber.at\/villach\/wp-content\/uploads\/2016\/06\/Esstisch-Eiche-dunkel-gebeizt.jpg 1000w, https:\/\/www.tischler-kleber.at\/villach\/wp-content\/uploads\/2016\/06\/Esstisch-Eiche-dunkel-gebeizt-300x225.jpg 300w, https:\/\/www.tischler-kleber.at\/villach\/wp-content\/uploads\/2016\/06\/Esstisch-Eiche-dunkel-gebeizt-768x576.jpg 768w, https:\/\/www.tischler-kleber.at\/villach\/wp-content\/uploads\/2016\/06\/Esstisch-Eiche-dunkel-gebeizt-705x529.jpg 705w, https:\/\/www.tischler-kleber.at\/villach\/wp-content\/uploads\/2016\/06\/Esstisch-Eiche-dunkel-gebeizt-450x338.jpg 450w\" data-sizes=\"(max-width: 1000px) 100vw, 1000px\"  aria-label=\"Bild Esstisch Eiche dunkel gebeizt\"  id='av-masonry-1-item-300' data-av-masonry-item='300' class='av-masonry-entry isotope-item post-300 attachment type-attachment status-inherit hentry  av-masonry-item-with-image' title=\"Esstisch Eiche dunkel gebeizt\" alt=\"\"    itemprop=\"thumbnailUrl\" ><div class='av-inner-masonry-sizer'><\/div><figure class='av-inner-masonry main_color'><div class=\"av-masonry-outerimage-container\"><div class='av-masonry-image-container'   ><img decoding=\"async\" width=\"705\" height=\"529\" fetchpriority=\"high\" class=\"wp-image-300 avia-img-lazy-loading-not-300\"  src=\"https:\/\/www.tischler-kleber.at\/villach\/wp-content\/uploads\/2016\/06\/Esstisch-Eiche-dunkel-gebeizt-705x529.jpg\" title=\"Esstisch Eiche dunkel gebeizt\" alt=\"\" srcset=\"https:\/\/www.tischler-kleber.at\/villach\/wp-content\/uploads\/2016\/06\/Esstisch-Eiche-dunkel-gebeizt-705x529.jpg 705w, https:\/\/www.tischler-kleber.at\/villach\/wp-content\/uploads\/2016\/06\/Esstisch-Eiche-dunkel-gebeizt-300x225.jpg 300w, https:\/\/www.tischler-kleber.at\/villach\/wp-content\/uploads\/2016\/06\/Esstisch-Eiche-dunkel-gebeizt-768x576.jpg 768w, https:\/\/www.tischler-kleber.at\/villach\/wp-content\/uploads\/2016\/06\/Esstisch-Eiche-dunkel-gebeizt-450x338.jpg 450w, https:\/\/www.tischler-kleber.at\/villach\/wp-content\/uploads\/2016\/06\/Esstisch-Eiche-dunkel-gebeizt.jpg 1000w\" sizes=\"(max-width: 705px) 100vw, 705px\" \/><\/div><\/div><figcaption class='av-inner-masonry-content site-background'><div class='av-inner-masonry-content-pos'><div class='av-inner-masonry-content-pos-content'><div class='avia-arrow'><\/div><h3 class='av-masonry-entry-title entry-title '  itemprop=\"headline\" >Esstisch Eiche dunkel gebeizt<\/h3><\/div><\/div><\/figcaption><\/figure><\/a><!--end av-masonry entry--><a href=\"https:\/\/www.tischler-kleber.at\/villach\/wp-content\/uploads\/2016\/06\/Esstisch-Eiche-dunkel-gebeizt-2.jpg\" data-srcset=\"https:\/\/www.tischler-kleber.at\/villach\/wp-content\/uploads\/2016\/06\/Esstisch-Eiche-dunkel-gebeizt-2.jpg 1000w, https:\/\/www.tischler-kleber.at\/villach\/wp-content\/uploads\/2016\/06\/Esstisch-Eiche-dunkel-gebeizt-2-300x225.jpg 300w, https:\/\/www.tischler-kleber.at\/villach\/wp-content\/uploads\/2016\/06\/Esstisch-Eiche-dunkel-gebeizt-2-768x576.jpg 768w, https:\/\/www.tischler-kleber.at\/villach\/wp-content\/uploads\/2016\/06\/Esstisch-Eiche-dunkel-gebeizt-2-705x529.jpg 705w, https:\/\/www.tischler-kleber.at\/villach\/wp-content\/uploads\/2016\/06\/Esstisch-Eiche-dunkel-gebeizt-2-450x338.jpg 450w\" data-sizes=\"(max-width: 1000px) 100vw, 1000px\"  aria-label=\"Bild Esstisch Eiche &#8211; dunkel gebeizt\"  id='av-masonry-1-item-301' data-av-masonry-item='301' class='av-masonry-entry isotope-item post-301 attachment type-attachment status-inherit hentry  av-masonry-item-with-image' title=\"Esstisch Eiche &#8211; dunkel gebeizt\" alt=\"Esstisch Eiche - dunkel gebeizt\"    itemprop=\"thumbnailUrl\" ><div class='av-inner-masonry-sizer'><\/div><figure class='av-inner-masonry main_color'><div class=\"av-masonry-outerimage-container\"><div class='av-masonry-image-container'   ><img decoding=\"async\" width=\"705\" height=\"529\" fetchpriority=\"high\" class=\"wp-image-301 avia-img-lazy-loading-not-301\"  src=\"https:\/\/www.tischler-kleber.at\/villach\/wp-content\/uploads\/2016\/06\/Esstisch-Eiche-dunkel-gebeizt-2-705x529.jpg\" title=\"Esstisch Eiche &#8211; dunkel gebeizt\" alt=\"Esstisch Eiche - dunkel gebeizt\" srcset=\"https:\/\/www.tischler-kleber.at\/villach\/wp-content\/uploads\/2016\/06\/Esstisch-Eiche-dunkel-gebeizt-2-705x529.jpg 705w, https:\/\/www.tischler-kleber.at\/villach\/wp-content\/uploads\/2016\/06\/Esstisch-Eiche-dunkel-gebeizt-2-300x225.jpg 300w, https:\/\/www.tischler-kleber.at\/villach\/wp-content\/uploads\/2016\/06\/Esstisch-Eiche-dunkel-gebeizt-2-768x576.jpg 768w, https:\/\/www.tischler-kleber.at\/villach\/wp-content\/uploads\/2016\/06\/Esstisch-Eiche-dunkel-gebeizt-2-450x338.jpg 450w, https:\/\/www.tischler-kleber.at\/villach\/wp-content\/uploads\/2016\/06\/Esstisch-Eiche-dunkel-gebeizt-2.jpg 1000w\" sizes=\"(max-width: 705px) 100vw, 705px\" \/><\/div><\/div><figcaption class='av-inner-masonry-content site-background'><div class='av-inner-masonry-content-pos'><div class='av-inner-masonry-content-pos-content'><div class='avia-arrow'><\/div><h3 class='av-masonry-entry-title entry-title '  itemprop=\"headline\" >Esstisch Eiche &#8211; dunkel gebeizt<\/h3><\/div><\/div><\/figcaption><\/figure><\/a><!--end av-masonry entry--><\/div><\/div>\n\n<\/div><\/div><\/div><!-- close content main div --><\/div><\/div><div id='av_section_3'  class='avia-section av-av_section-bb9bdb22c7f9e6bf1d52c155825dc7f7 main_color avia-section-default avia-no-shadow  avia-builder-el-7  el_after_av_section  avia-builder-el-last  avia-bg-style-scroll container_wrap fullsize'  ><div class='container av-section-cont-open' ><div class='template-page content  av-content-full alpha units'><div class='post-entry post-entry-type-page post-entry-171'><div class='entry-content-wrapper clearfix'>\n<div class='flex_column_table av-av_one_third-622509730b2d337f057f16ec5e7cc1cf sc-av_one_third av-equal-height-column-flextable'>\n<style type=\"text\/css\" data-created_by=\"avia_inline_auto\" id=\"style-css-av-av_one_third-622509730b2d337f057f16ec5e7cc1cf\">\n.flex_column.av-av_one_third-622509730b2d337f057f16ec5e7cc1cf{\nborder-radius:20px 20px 20px 20px;\npadding:25px 25px 25px 25px;\n}\n<\/style>\n<div  class='flex_column av-av_one_third-622509730b2d337f057f16ec5e7cc1cf av_one_third  avia-builder-el-8  el_before_av_one_third  avia-builder-el-first  first no_margin flex_column_table_cell av-equal-height-column av-align-top av-animated-generic bottom-to-top  '     ><style type=\"text\/css\" data-created_by=\"avia_inline_auto\" id=\"style-css-av-av_textblock-633999fe232c0ff431f40e36e736511f\">\n#top .av_textblock_section.av-av_textblock-633999fe232c0ff431f40e36e736511f .avia_textblock{\nfont-size:24px;\ncolor:#777777;\n}\n<\/style>\n<section  class='av_textblock_section av-av_textblock-633999fe232c0ff431f40e36e736511f '   itemscope=\"itemscope\" itemtype=\"https:\/\/schema.org\/CreativeWork\" ><div class='avia_textblock av_inherit_color'  itemprop=\"text\" ><h3>Esstische<\/h3>\n<p style=\"text-align: justify;\">als Zentrum der Kommunikation verdienen eine besondere Aufmerksamkeit. Gerne beraten wir sie von der Holzwahl \u00fcber das Design bis Ihre Vorstellungen zur vollsten Zufriedenheit erf\u00fcllt sind.<\/p>\n<\/div><\/section><\/div>\n<style type=\"text\/css\" data-created_by=\"avia_inline_auto\" id=\"style-css-av-av_one_third-28d506f8ab52ece2b827c10d8b8f1477\">\n.flex_column.av-av_one_third-28d506f8ab52ece2b827c10d8b8f1477{\nborder-radius:20px 20px 20px 20px;\npadding:25px 25px 25px 25px;\n}\n<\/style>\n<div  class='flex_column av-av_one_third-28d506f8ab52ece2b827c10d8b8f1477 av_one_third  avia-builder-el-10  el_after_av_one_third  el_before_av_one_third  no_margin flex_column_table_cell av-equal-height-column av-align-top av-animated-generic bottom-to-top  '     ><style type=\"text\/css\" data-created_by=\"avia_inline_auto\" id=\"style-css-av-av_textblock-653ff9c34e7abc0844d6d01aeaa45831\">\n#top .av_textblock_section.av-av_textblock-653ff9c34e7abc0844d6d01aeaa45831 .avia_textblock{\ncolor:#777777;\n}\n<\/style>\n<section  class='av_textblock_section av-av_textblock-653ff9c34e7abc0844d6d01aeaa45831 '   itemscope=\"itemscope\" itemtype=\"https:\/\/schema.org\/CreativeWork\" ><div class='avia_textblock text-vom av_inherit_color'  itemprop=\"text\" ><p>vom<\/p>\n<ul>\n<li>B\u00fcrotisch<\/li>\n<li>Beistelltisch<\/li>\n<li>Couchtisch<\/li>\n<li>Gartentisch \u00fcber<\/li>\n<li>Stammtisch<\/li>\n<\/ul>\n<p>reicht das Angebot vom Tischlermeister Gerald Kleber.<\/p>\n<\/div><\/section><\/div>\n<style type=\"text\/css\" data-created_by=\"avia_inline_auto\" id=\"style-css-av-av_one_third-28d506f8ab52ece2b827c10d8b8f1477\">\n.flex_column.av-av_one_third-28d506f8ab52ece2b827c10d8b8f1477{\nborder-radius:20px 20px 20px 20px;\npadding:25px 25px 25px 25px;\n}\n<\/style>\n<div  class='flex_column av-av_one_third-28d506f8ab52ece2b827c10d8b8f1477 av_one_third  avia-builder-el-12  el_after_av_one_third  avia-builder-el-last  no_margin flex_column_table_cell av-equal-height-column av-align-top av-animated-generic bottom-to-top  '     ><style type=\"text\/css\" data-created_by=\"avia_inline_auto\" id=\"style-css-av-av_textblock-633999fe232c0ff431f40e36e736511f\">\n#top .av_textblock_section.av-av_textblock-633999fe232c0ff431f40e36e736511f .avia_textblock{\nfont-size:24px;\ncolor:#777777;\n}\n<\/style>\n<section  class='av_textblock_section av-av_textblock-633999fe232c0ff431f40e36e736511f '   itemscope=\"itemscope\" itemtype=\"https:\/\/schema.org\/CreativeWork\" ><div class='avia_textblock av_inherit_color'  itemprop=\"text\" ><h3>Tischler Gerald Kleber<\/h3>\n<p>in Villach<\/p>\n<p>beratet Sie gerne bei allen Details.<\/p>\n<p>Es w\u00fcrde es uns freuen wenn wir Ihre W\u00fcnsche in die Realit\u00e4t umsetzen d\u00fcrfen.<\/p>\n<\/div><\/section><\/div><\/div><!--close column table wrapper. Autoclose: 1 -->\n","protected":false},"excerpt":{"rendered":"","protected":false},"author":1,"featured_media":0,"parent":0,"menu_order":0,"comment_status":"closed","ping_status":"closed","template":"","meta":{"footnotes":""},"_links":{"self":[{"href":"https:\/\/www.tischler-kleber.at\/villach\/wp-json\/wp\/v2\/pages\/171"}],"collection":[{"href":"https:\/\/www.tischler-kleber.at\/villach\/wp-json\/wp\/v2\/pages"}],"about":[{"href":"https:\/\/www.tischler-kleber.at\/villach\/wp-json\/wp\/v2\/types\/page"}],"author":[{"embeddable":true,"href":"https:\/\/www.tischler-kleber.at\/villach\/wp-json\/wp\/v2\/users\/1"}],"replies":[{"embeddable":true,"href":"https:\/\/www.tischler-kleber.at\/villach\/wp-json\/wp\/v2\/comments?post=171"}],"version-history":[{"count":117,"href":"https:\/\/www.tischler-kleber.at\/villach\/wp-json\/wp\/v2\/pages\/171\/revisions"}],"predecessor-version":[{"id":715,"href":"https:\/\/www.tischler-kleber.at\/villach\/wp-json\/wp\/v2\/pages\/171\/revisions\/715"}],"wp:attachment":[{"href":"https:\/\/www.tischler-kleber.at\/villach\/wp-json\/wp\/v2\/media?parent=171"}],"curies":[{"name":"wp","href":"https:\/\/api.w.org\/{rel}","templated":true}]}}